{"id":971,"date":"2023-12-17T22:00:18","date_gmt":"2023-12-18T01:00:18","guid":{"rendered":"https:\/\/arielseeds.com\/?post_type=product&#038;p=971"},"modified":"2026-05-14T02:19:04","modified_gmt":"2026-05-14T05:19:04","slug":"cluster-tomate-penca-hibrido-ducatino","status":"publish","type":"product","link":"https:\/\/arielseeds.com\/index.php\/produto\/cluster-tomate-penca-hibrido-ducatino\/","title":{"rendered":"Cluster (Tomate Penca) H\u00edbrido Ducatino"},"content":{"rendered":"","protected":false},"excerpt":{"rendered":"<h6><span style=\"color: #cea65f;\">CARACTER\u00cdSTICAS<\/span><\/h6>\n<ul>\n<li>\n<h6><span class=\"OYPEnA text-decoration-none text-strikethrough-none\" style=\"color: #708662;\">Crescimento Indeterminado;<\/span><\/h6>\n<\/li>\n<li>\n<h6><span class=\"OYPEnA text-decoration-none text-strikethrough-none\" style=\"color: #708662;\">Formato do cacho Espinha de peixe;<\/span><\/h6>\n<\/li>\n<li>\n<h6><span class=\"OYPEnA text-decoration-none text-strikethrough-none\" style=\"color: #708662;\">Cultivo protegido ou campo aberto;<\/span><\/h6>\n<\/li>\n<li>\n<h6><span class=\"OYPEnA text-decoration-none text-strikethrough-none\" style=\"color: #708662;\">Fixa\u00e7\u00e3o alta do fruto \u00e0 penca, mesmo depois de maduro;<\/span><\/h6>\n<\/li>\n<li>\n<h6><span class=\"OYPEnA text-decoration-none text-strikethrough-none\" style=\"color: #708662;\">Muito saboroso.<\/span><\/h6>\n<\/li>\n<\/ul>\n<h6><span class=\"OYPEnA text-decoration-none text-strikethrough-none\"><span style=\"color: #cea65f;\">SEGMENTO:<\/span> <span style=\"color: #708662;\">Tomate Indeterminado <\/span><\/span><span class=\"OYPEnA text-decoration-none text-strikethrough-none\"><span style=\"color: #708662;\">H\u00edbrido Ducatino <\/span><\/span><span class=\"OYPEnA text-decoration-none text-strikethrough-none\"><span style=\"color: #708662;\">Cluster (Tomate Penca)<\/span><\/span><\/h6>\n<h6><span class=\"OYPEnA text-decoration-none text-strikethrough-none\"><span style=\"color: #cea65f;\">\u00c9POCA DE SEMEADURA: <\/span><\/span><span class=\"OYPEnA text-decoration-none text-strikethrough-none\"><span style=\"color: #708662;\">Regi\u00f5es frias <\/span><\/span><span class=\"OYPEnA text-decoration-none text-strikethrough-none\"><span style=\"color: #708662;\">Fev &#8211; Ago\u00a0 | Regi\u00f5es quentes ano todo<\/span><\/span><\/h6>\n<h6><span class=\"OYPEnA text-decoration-none text-strikethrough-none\"><span style=\"color: #cea65f;\">CICLO M\u00c9DIO:<\/span> <span style=\"color: #708662;\">110 dias<\/span><\/span><\/h6>\n<h6><span class=\"OYPEnA text-decoration-none text-strikethrough-none\"><span style=\"color: #cea65f;\">COLORA\u00c7\u00c3O:<\/span> <span style=\"color: #708662;\">Vermelho<\/span><\/span><\/h6>\n<h6><span class=\"OYPEnA text-decoration-none text-strikethrough-none\"><span style=\"color: #cea65f;\">N\u00daMERO DE FRUTOS POR PENCA:<\/span> <span style=\"color: #708662;\">8 a 18<\/span><\/span><\/h6>\n<h6><span style=\"color: #cea65f;\"><span class=\"OYPEnA text-decoration-none text-strikethrough-none\">PESO DO FRUTO<\/span><span class=\"OYPEnA text-decoration-none text-strikethrough-none\">: <\/span><\/span><span style=\"color: #708662;\"><span class=\"OYPEnA text-decoration-none text-strikethrough-none\">8<\/span> a <span class=\"OYPEnA text-decoration-none text-strikethrough-none\">12g<\/span><\/span><\/h6>\n<h6><\/h6>\n<p>&nbsp;<\/p>\n<h6><span style=\"color: #cea65f;\">TOLER\u00c2NCIAS<\/span><\/h6>\n<h6><em><span style=\"color: #708662;\"><span class=\"OYPEnA text-decoration-none text-strikethrough-none\">N: <\/span><span class=\"OYPEnA text-decoration-none text-strikethrough-none\">Nemat\u00f3ide (Ma, Mi, Mj);<\/span><\/span><\/em><\/h6>\n<h6><em><span style=\"color: #708662;\"><span class=\"OYPEnA text-decoration-none text-strikethrough-none\">F2: <\/span><span class=\"OYPEnA text-decoration-none text-strikethrough-none\">Fusarium 2;<\/span><\/span><\/em><\/h6>\n<h6><em><span style=\"color: #708662;\"><span class=\"OYPEnA text-decoration-none text-strikethrough-none\">On: <\/span><span class=\"OYPEnA text-decoration-none text-strikethrough-none\">O\u00eddio;<\/span><\/span><\/em><\/h6>\n<h6><em><span style=\"color: #708662;\"><span class=\"OYPEnA text-decoration-none text-strikethrough-none\">Cf: <\/span><span class=\"OYPEnA text-decoration-none text-strikethrough-none\">Cladosporium (ra\u00e7a 1-5);<\/span><\/span><\/em><\/h6>\n<h6><em><span style=\"color: #708662;\"><span class=\"OYPEnA text-decoration-none text-strikethrough-none\">ToMV:<\/span><span class=\"OYPEnA text-decoration-none text-strikethrough-none\"> tomato Mosaic Virus;<\/span><\/span><\/em><\/h6>\n<h6><em><span style=\"color: #708662;\"><span class=\"OYPEnA text-decoration-none text-strikethrough-none\">TSWV: <\/span><span class=\"OYPEnA text-decoration-none text-strikethrough-none\">Tomato spotted wilt v\u00edrus <\/span>( Vira cabe\u00e7a).<\/span><\/em><\/h6>\n","protected":false},"featured_media":1133,"comment_status":"open","ping_status":"closed","template":"","meta":{"om_disable_all_campaigns":false,"_monsterinsights_skip_tracking":false,"_monsterinsights_sitenote_active":false,"_monsterinsights_sitenote_note":"","_monsterinsights_sitenote_category":0,"site-sidebar-layout":"default","site-content-layout":"","ast-site-content-layout":"default","site-content-style":"default","site-sidebar-style":"default","ast-global-header-display":"","ast-banner-title-visibility":"","ast-main-header-display":"","ast-hfb-above-header-display":"","ast-hfb-below-header-display":"","ast-hfb-mobile-header-display":"","site-post-title":"","ast-breadcrumbs-content":"","ast-featured-img":"","footer-sml-layout":"","theme-transparent-header-meta":"default","adv-header-id-meta":"","stick-header-meta":"","header-above-stick-meta":"","header-main-stick-meta":"","header-below-stick-meta":"","astra-migrate-meta-layouts":"set","ast-page-background-enabled":"default","ast-page-background-meta":{"desktop":{"background-color":"var(--ast-global-color-4)","background-image":"","background-repeat":"repeat","background-position":"center center","background-size":"auto","background-attachment":"scroll","background-type":"","background-media":"","overlay-type":"","overlay-color":"","overlay-gradient":""},"tablet":{"background-color":"","background-image":"","background-repeat":"repeat","background-position":"center center","background-size":"auto","background-attachment":"scroll","background-type":"","background-media":"","overlay-type":"","overlay-color":"","overlay-gradient":""},"mobile":{"background-color":"","background-image":"","background-repeat":"repeat","background-position":"center center","background-size":"auto","background-attachment":"scroll","background-type":"","background-media":"","overlay-type":"","overlay-color":"","overlay-gradient":""}},"ast-content-background-meta":{"desktop":{"background-color":"var(--ast-global-color-5)","background-image":"","background-repeat":"repeat","background-position":"center center","background-size":"auto","background-attachment":"scroll","background-type":"","background-media":"","overlay-type":"","overlay-color":"","overlay-gradient":""},"tablet":{"background-color":"var(--ast-global-color-5)","background-image":"","background-repeat":"repeat","background-position":"center center","background-size":"auto","background-attachment":"scroll","background-type":"","background-media":"","overlay-type":"","overlay-color":"","overlay-gradient":""},"mobile":{"background-color":"var(--ast-global-color-5)","background-image":"","background-repeat":"repeat","background-position":"center center","background-size":"auto","background-attachment":"scroll","background-type":"","background-media":"","overlay-type":"","overlay-color":"","overlay-gradient":""}}},"product_cat":[22],"product_tag":[39,38,34,36,37,40,33,35],"aioseo_notices":[],"jetpack_sharing_enabled":true,"_links":{"self":[{"href":"https:\/\/arielseeds.com\/index.php\/wp-json\/wp\/v2\/product\/971"}],"collection":[{"href":"https:\/\/arielseeds.com\/index.php\/wp-json\/wp\/v2\/product"}],"about":[{"href":"https:\/\/arielseeds.com\/index.php\/wp-json\/wp\/v2\/types\/product"}],"replies":[{"embeddable":true,"href":"https:\/\/arielseeds.com\/index.php\/wp-json\/wp\/v2\/comments?post=971"}],"wp:featuredmedia":[{"embeddable":true,"href":"https:\/\/arielseeds.com\/index.php\/wp-json\/wp\/v2\/media\/1133"}],"wp:attachment":[{"href":"https:\/\/arielseeds.com\/index.php\/wp-json\/wp\/v2\/media?parent=971"}],"wp:term":[{"taxonomy":"product_cat","embeddable":true,"href":"https:\/\/arielseeds.com\/index.php\/wp-json\/wp\/v2\/product_cat?post=971"},{"taxonomy":"product_tag","embeddable":true,"href":"https:\/\/arielseeds.com\/index.php\/wp-json\/wp\/v2\/product_tag?post=971"}],"curies":[{"name":"wp","href":"https:\/\/api.w.org\/{rel}","templated":true}]}}