{"id":546,"date":"2023-12-06T08:29:05","date_gmt":"2023-12-06T11:29:05","guid":{"rendered":"https:\/\/arielseeds.com\/?post_type=product&#038;p=546"},"modified":"2026-04-09T17:12:48","modified_gmt":"2026-04-09T20:12:48","slug":"porta-enxerto-para-pimentao-hibrido-cronos","status":"publish","type":"product","link":"https:\/\/arielseeds.com\/index.php\/produto\/porta-enxerto-para-pimentao-hibrido-cronos\/","title":{"rendered":"Porta-Enxerto para Piment\u00e3o H\u00edbrido Cronos"},"content":{"rendered":"","protected":false},"excerpt":{"rendered":"<h6><span style=\"color: #cea65f;\">CARACTER\u00cdSTICAS<\/span><\/h6>\n<ul>\n<li>\n<h6><span style=\"color: #708662;\">Habilidade especial: Caule profundo e robusto, de ra\u00edzes fortes para facilitar a enxertia;<\/span><\/h6>\n<\/li>\n<li>\n<h6><span style=\"color: #708662;\">Este vigoroso porta-enxerto \u00e9 resist\u00eante a uma variedade de doen\u00e7as transmitidas pelo solo e nemat\u00f3ides;<\/span><\/h6>\n<\/li>\n<li>\n<h6><span style=\"color: #708662;\">Use este porta-enxerto para enxertia em plantas de piment\u00e3o h\u00edbridas e observe o aumento significativo da vigor e produ\u00e7\u00e3o;<\/span><\/h6>\n<\/li>\n<li>\n<h6><span style=\"color: #708662;\">O porta-enxerto tamb\u00e9m aumenta a toler\u00e2ncia a temperaturas vari\u00e1veis;<\/span><\/h6>\n<\/li>\n<li>\n<h6><span style=\"color: #708662;\">Este porta-enxerto possui resist\u00eancia a muitas doen\u00e7as transmitidas pelo solo, conforme abaixo:<\/span><\/h6>\n<\/li>\n<li>\n<h6><strong><span style=\"color: #708662;\">TOLER\u00c2NCIA ALTA: ToMV, V TOLER\u00c2NCIA INTERMEDI\u00c1RIA: Pc, B, TMV, PVY, M<\/span><\/strong><\/h6>\n<\/li>\n<\/ul>\n<h6><span style=\"color: #cea65f;\">TOLER\u00c2NCIA:<\/span> <span style=\"color: #708662;\">Alta &#8211; Intermedi\u00e1ria<\/span><\/h6>\n<h6><span style=\"color: #cea65f;\">\u00c9POCA DE SEMEADURA:<\/span> <span style=\"color: #708662;\">Regi\u00f5es frias Fev &#8211; Ago | Regi\u00f5es quentes ano todo<\/span><\/h6>\n<p>&nbsp;<\/p>\n<h6><span style=\"color: #cea65f;\">TOLER\u00c2NCIAS<\/span><\/h6>\n<h6><span style=\"color: #708662;\"><span class=\"OYPEnA text-decoration-none text-strikethrough-none\">ToMV: <\/span><em><span class=\"OYPEnA text-decoration-none text-strikethrough-none\">V\u00edrus do mosaico do tomate;<\/span><\/em><\/span><\/h6>\n<h6><span style=\"color: #708662;\"><span class=\"OYPEnA text-decoration-none text-strikethrough-none\">B (BW): <\/span><em><span class=\"OYPEnA text-decoration-none text-strikethrough-none\">Murcha bacteriana de Ralstonia solanacearum;<\/span><\/em><\/span><\/h6>\n<h6><span style=\"color: #708662;\"><span class=\"OYPEnA text-decoration-none text-strikethrough-none\">Verticillium albo-atrum: <\/span><em><span class=\"OYPEnA text-decoration-none text-strikethrough-none\">Murcha por Verticillium <\/span>albo-atrum;<\/em><\/span><\/h6>\n<h6><span style=\"color: #708662;\"><span class=\"OYPEnA text-decoration-none text-strikethrough-none\">P. Capsici: <\/span><em><span class=\"OYPEnA text-decoration-none text-strikethrough-none\">Podrid\u00e3o de raiz e fruto Buckeye (Phytophthora capsici);<\/span><\/em><\/span><\/h6>\n<h6><span style=\"color: #708662;\"><span class=\"OYPEnA text-decoration-none text-strikethrough-none\">V (Va): <\/span><em><span class=\"OYPEnA text-decoration-none text-strikethrough-none\">Verticillium wilt (murcha por Verticillium);<\/span><\/em><\/span><\/h6>\n<h6><span style=\"color: #708662;\"><span class=\"OYPEnA text-decoration-none text-strikethrough-none\">Pc: <\/span><em><span class=\"OYPEnA text-decoration-none text-strikethrough-none\">Nemat\u00f3ides Meloidogyne;<\/span><\/em><\/span><\/h6>\n<h6><span style=\"color: #708662;\"><span class=\"OYPEnA text-decoration-none text-strikethrough-none\">PVY: <\/span><em><span class=\"OYPEnA text-decoration-none text-strikethrough-none\">V\u00edrus do amarelecimento da batata (Potato Virus Yellow);<\/span><\/em><\/span><\/h6>\n<h6><span style=\"color: #708662;\"><span class=\"OYPEnA text-decoration-none text-strikethrough-none\">M: <\/span><em><span class=\"OYPEnA text-decoration-none text-strikethrough-none\">Nematoides Meloidogyne;<\/span><\/em><\/span><\/h6>\n<p>&nbsp;<\/p>\n<h6><span style=\"color: #cea65f;\">**Esta variedade deve ser usada apenas como porta-enxerto, uma vez que os pequenos frutos verdes produzidos pelo porta-enxerto n\u00e3o s\u00e3o adequados para consumo.<\/span><\/h6>\n","protected":false},"featured_media":1148,"comment_status":"open","ping_status":"closed","template":"","meta":{"om_disable_all_campaigns":false,"_monsterinsights_skip_tracking":false,"_monsterinsights_sitenote_active":false,"_monsterinsights_sitenote_note":"","_monsterinsights_sitenote_category":0,"site-sidebar-layout":"default","site-content-layout":"","ast-site-content-layout":"default","site-content-style":"default","site-sidebar-style":"default","ast-global-header-display":"","ast-banner-title-visibility":"","ast-main-header-display":"","ast-hfb-above-header-display":"","ast-hfb-below-header-display":"","ast-hfb-mobile-header-display":"","site-post-title":"","ast-breadcrumbs-content":"","ast-featured-img":"","footer-sml-layout":"","theme-transparent-header-meta":"default","adv-header-id-meta":"","stick-header-meta":"","header-above-stick-meta":"","header-main-stick-meta":"","header-below-stick-meta":"","astra-migrate-meta-layouts":"set","ast-page-background-enabled":"default","ast-page-background-meta":{"desktop":{"background-color":"var(--ast-global-color-4)","background-image":"","background-repeat":"repeat","background-position":"center center","background-size":"auto","background-attachment":"scroll","background-type":"","background-media":"","overlay-type":"","overlay-color":"","overlay-gradient":""},"tablet":{"background-color":"","background-image":"","background-repeat":"repeat","background-position":"center center","background-size":"auto","background-attachment":"scroll","background-type":"","background-media":"","overlay-type":"","overlay-color":"","overlay-gradient":""},"mobile":{"background-color":"","background-image":"","background-repeat":"repeat","background-position":"center center","background-size":"auto","background-attachment":"scroll","background-type":"","background-media":"","overlay-type":"","overlay-color":"","overlay-gradient":""}},"ast-content-background-meta":{"desktop":{"background-color":"var(--ast-global-color-5)","background-image":"","background-repeat":"repeat","background-position":"center center","background-size":"auto","background-attachment":"scroll","background-type":"","background-media":"","overlay-type":"","overlay-color":"","overlay-gradient":""},"tablet":{"background-color":"var(--ast-global-color-5)","background-image":"","background-repeat":"repeat","background-position":"center center","background-size":"auto","background-attachment":"scroll","background-type":"","background-media":"","overlay-type":"","overlay-color":"","overlay-gradient":""},"mobile":{"background-color":"var(--ast-global-color-5)","background-image":"","background-repeat":"repeat","background-position":"center center","background-size":"auto","background-attachment":"scroll","background-type":"","background-media":"","overlay-type":"","overlay-color":"","overlay-gradient":""}}},"product_cat":[31],"product_tag":[39,38,47,41,46,48,45],"aioseo_notices":[],"jetpack_sharing_enabled":true,"_links":{"self":[{"href":"https:\/\/arielseeds.com\/index.php\/wp-json\/wp\/v2\/product\/546"}],"collection":[{"href":"https:\/\/arielseeds.com\/index.php\/wp-json\/wp\/v2\/product"}],"about":[{"href":"https:\/\/arielseeds.com\/index.php\/wp-json\/wp\/v2\/types\/product"}],"replies":[{"embeddable":true,"href":"https:\/\/arielseeds.com\/index.php\/wp-json\/wp\/v2\/comments?post=546"}],"wp:featuredmedia":[{"embeddable":true,"href":"https:\/\/arielseeds.com\/index.php\/wp-json\/wp\/v2\/media\/1148"}],"wp:attachment":[{"href":"https:\/\/arielseeds.com\/index.php\/wp-json\/wp\/v2\/media?parent=546"}],"wp:term":[{"taxonomy":"product_cat","embeddable":true,"href":"https:\/\/arielseeds.com\/index.php\/wp-json\/wp\/v2\/product_cat?post=546"},{"taxonomy":"product_tag","embeddable":true,"href":"https:\/\/arielseeds.com\/index.php\/wp-json\/wp\/v2\/product_tag?post=546"}],"curies":[{"name":"wp","href":"https:\/\/api.w.org\/{rel}","templated":true}]}}