{"id":523,"date":"2023-12-05T17:13:50","date_gmt":"2023-12-05T20:13:50","guid":{"rendered":"https:\/\/arielseeds.com\/?post_type=product&#038;p=523"},"modified":"2024-05-27T14:36:06","modified_gmt":"2024-05-27T17:36:06","slug":"alface-crespa-cristal","status":"publish","type":"product","link":"https:\/\/arielseeds.com\/index.php\/produto\/alface-crespa-cristal\/","title":{"rendered":"Alface Crespa Cristal"},"content":{"rendered":"","protected":false},"excerpt":{"rendered":"<h6><span style=\"color: #cea65f;\">CARACTER\u00cdSTICAS<\/span><\/h6>\n<ul>\n<li>\n<h6><span style=\"color: #708662;\">Alface crespa grande de excelente estrutura e uniformidade;<\/span><\/h6>\n<\/li>\n<li>\n<h6><span style=\"color: #708662;\">Plantas com folhas eretas, de \u00f3timo recorte e colora\u00e7\u00e3o verde; <\/span><\/h6>\n<\/li>\n<li>\n<h6><span style=\"color: #708662;\">Boa toler\u00e2ncia ao pendoamento precoce; <\/span><\/h6>\n<\/li>\n<li>\n<h6><span style=\"color: #708662;\">Bom Desempenho em produ\u00e7\u00e3o Convencional (campo) e hidroponia;<\/span><\/h6>\n<\/li>\n<li>\n<h6><span style=\"color: #708662;\">Excelente p\u00f3s-colheita, com menos perdas;<\/span><\/h6>\n<\/li>\n<li>\n<h6><span style=\"color: #708662;\">Atende tanto mercado in natura, como processado.<\/span><\/h6>\n<\/li>\n<\/ul>\n<h6><span style=\"color: #cea65f;\">SEGMENTO:<\/span> <span style=\"color: #708662;\">Alface Crespa Cristal<\/span><\/h6>\n<h6><span style=\"color: #cea65f;\">ESPA\u00c7AMENTO:<\/span> <span style=\"color: #708662;\">0,30 x 0,30m <\/span><\/h6>\n<h6><span style=\"color: #cea65f;\">\u00c9POCA DE SEMEADURA:<\/span> <span style=\"color: #708662;\">Ano todo<\/span><\/h6>\n<h6><span style=\"color: #cea65f;\">CICLO M\u00c9DIO:<\/span><span style=\"color: #708662;\"> 75 a 90 dias <\/span><\/h6>\n<h6><span style=\"color: #cea65f;\">COLORA\u00c7\u00c3O:<\/span> <span style=\"color: #708662;\">Verde<\/span><\/h6>\n","protected":false},"featured_media":1032,"comment_status":"open","ping_status":"closed","template":"","meta":{"om_disable_all_campaigns":false,"_monsterinsights_skip_tracking":false,"_monsterinsights_sitenote_active":false,"_monsterinsights_sitenote_note":"","_monsterinsights_sitenote_category":0,"site-sidebar-layout":"default","site-content-layout":"","ast-site-content-layout":"default","site-content-style":"default","site-sidebar-style":"default","ast-global-header-display":"","ast-banner-title-visibility":"","ast-main-header-display":"","ast-hfb-above-header-display":"","ast-hfb-below-header-display":"","ast-hfb-mobile-header-display":"","site-post-title":"","ast-breadcrumbs-content":"","ast-featured-img":"","footer-sml-layout":"","theme-transparent-header-meta":"default","adv-header-id-meta":"","stick-header-meta":"","header-above-stick-meta":"","header-main-stick-meta":"","header-below-stick-meta":"","astra-migrate-meta-layouts":"set","ast-page-background-enabled":"default","ast-page-background-meta":{"desktop":{"background-color":"var(--ast-global-color-4)","background-image":"","background-repeat":"repeat","background-position":"center center","background-size":"auto","background-attachment":"scroll","background-type":"","background-media":"","overlay-type":"","overlay-color":"","overlay-gradient":""},"tablet":{"background-color":"","background-image":"","background-repeat":"repeat","background-position":"center center","background-size":"auto","background-attachment":"scroll","background-type":"","background-media":"","overlay-type":"","overlay-color":"","overlay-gradient":""},"mobile":{"background-color":"","background-image":"","background-repeat":"repeat","background-position":"center center","background-size":"auto","background-attachment":"scroll","background-type":"","background-media":"","overlay-type":"","overlay-color":"","overlay-gradient":""}},"ast-content-background-meta":{"desktop":{"background-color":"var(--ast-global-color-5)","background-image":"","background-repeat":"repeat","background-position":"center center","background-size":"auto","background-attachment":"scroll","background-type":"","background-media":"","overlay-type":"","overlay-color":"","overlay-gradient":""},"tablet":{"background-color":"var(--ast-global-color-5)","background-image":"","background-repeat":"repeat","background-position":"center center","background-size":"auto","background-attachment":"scroll","background-type":"","background-media":"","overlay-type":"","overlay-color":"","overlay-gradient":""},"mobile":{"background-color":"var(--ast-global-color-5)","background-image":"","background-repeat":"repeat","background-position":"center center","background-size":"auto","background-attachment":"scroll","background-type":"","background-media":"","overlay-type":"","overlay-color":"","overlay-gradient":""}}},"product_cat":[27],"product_tag":[58,64,65,39,38,36,37,40],"aioseo_notices":[],"jetpack_sharing_enabled":true,"_links":{"self":[{"href":"https:\/\/arielseeds.com\/index.php\/wp-json\/wp\/v2\/product\/523"}],"collection":[{"href":"https:\/\/arielseeds.com\/index.php\/wp-json\/wp\/v2\/product"}],"about":[{"href":"https:\/\/arielseeds.com\/index.php\/wp-json\/wp\/v2\/types\/product"}],"replies":[{"embeddable":true,"href":"https:\/\/arielseeds.com\/index.php\/wp-json\/wp\/v2\/comments?post=523"}],"wp:featuredmedia":[{"embeddable":true,"href":"https:\/\/arielseeds.com\/index.php\/wp-json\/wp\/v2\/media\/1032"}],"wp:attachment":[{"href":"https:\/\/arielseeds.com\/index.php\/wp-json\/wp\/v2\/media?parent=523"}],"wp:term":[{"taxonomy":"product_cat","embeddable":true,"href":"https:\/\/arielseeds.com\/index.php\/wp-json\/wp\/v2\/product_cat?post=523"},{"taxonomy":"product_tag","embeddable":true,"href":"https:\/\/arielseeds.com\/index.php\/wp-json\/wp\/v2\/product_tag?post=523"}],"curies":[{"name":"wp","href":"https:\/\/api.w.org\/{rel}","templated":true}]}}