{"id":1364,"date":"2026-04-10T15:35:52","date_gmt":"2026-04-10T18:35:52","guid":{"rendered":"https:\/\/arielseeds.com\/?post_type=product&#038;p=1364"},"modified":"2026-04-10T15:41:57","modified_gmt":"2026-04-10T18:41:57","slug":"quiabo-flinn","status":"publish","type":"product","link":"https:\/\/arielseeds.com\/index.php\/produto\/quiabo-flinn\/","title":{"rendered":"Quiabo Flinn"},"content":{"rendered":"","protected":false},"excerpt":{"rendered":"<h6><span style=\"color: #cea65f;\">CARACTER\u00cdSTICAS<\/span><\/h6>\n<ul>\n<li>\n<h6><span style=\"color: #708662;\">Frutos eretos, formato padronizado e excelente colora\u00e7\u00e3o;<\/span><\/h6>\n<\/li>\n<li>\n<h6><span style=\"color: #708662;\">Sanidade muito boa no geral (planta e fruto);<\/span><\/h6>\n<\/li>\n<li>\n<h6><span style=\"color: #708662;\">Planta compacta, entre-n\u00f3s curtos, crescimento;<\/span><\/h6>\n<\/li>\n<li>\n<h6><span style=\"color: #708662;\">Indeterminado e boa ramifica\u00e7\u00e3o lateral;<\/span><\/h6>\n<\/li>\n<li>\n<h6><span style=\"color: #708662;\">Frutifica\u00e7\u00e3o precoce, alto pegamento de frutos e produtividade;<\/span><\/h6>\n<\/li>\n<li>\n<h6><span style=\"color: #708662;\">Frutos de colora\u00e7\u00e3o verde-clara, cil\u00edndricos e pouca presen\u00e7a de espinhos.<\/span><\/h6>\n<\/li>\n<\/ul>\n<h6><span style=\"color: #708662;\"><span style=\"color: #cea65f;\">SEGMENTO:<\/span> Quiabo Flinn<\/span><\/h6>\n<h6><span style=\"color: #cea65f;\">\u00c9POCA DE SEMEADURA:<\/span> <span style=\"color: #708662;\">Ano todo (evitando-se \u00e9pocas\/regi\u00f5es mais frias)<\/span><\/h6>\n<h6><span style=\"color: #cea65f;\">IN\u00cdCIO PRODU\u00c7\u00c3O:<\/span><span style=\"color: #708662;\"> 35 a 45 dias<\/span><\/h6>\n<h6><span style=\"color: #cea65f;\">TAMANHO: <span style=\"color: #708662;\">16,0 x 2,0cm<\/span><\/span><\/h6>\n","protected":false},"featured_media":1353,"comment_status":"open","ping_status":"closed","template":"","meta":{"om_disable_all_campaigns":false,"_monsterinsights_skip_tracking":false,"_monsterinsights_sitenote_active":false,"_monsterinsights_sitenote_note":"","_monsterinsights_sitenote_category":0,"site-sidebar-layout":"default","site-content-layout":"","ast-site-content-layout":"default","site-content-style":"default","site-sidebar-style":"default","ast-global-header-display":"","ast-banner-title-visibility":"","ast-main-header-display":"","ast-hfb-above-header-display":"","ast-hfb-below-header-display":"","ast-hfb-mobile-header-display":"","site-post-title":"","ast-breadcrumbs-content":"","ast-featured-img":"","footer-sml-layout":"","theme-transparent-header-meta":"default","adv-header-id-meta":"","stick-header-meta":"","header-above-stick-meta":"","header-main-stick-meta":"","header-below-stick-meta":"","astra-migrate-meta-layouts":"set","ast-page-background-enabled":"default","ast-page-background-meta":{"desktop":{"background-color":"var(--ast-global-color-4)","background-image":"","background-repeat":"repeat","background-position":"center center","background-size":"auto","background-attachment":"scroll","background-type":"","background-media":"","overlay-type":"","overlay-color":"","overlay-gradient":""},"tablet":{"background-color":"","background-image":"","background-repeat":"repeat","background-position":"center center","background-size":"auto","background-attachment":"scroll","background-type":"","background-media":"","overlay-type":"","overlay-color":"","overlay-gradient":""},"mobile":{"background-color":"","background-image":"","background-repeat":"repeat","background-position":"center center","background-size":"auto","background-attachment":"scroll","background-type":"","background-media":"","overlay-type":"","overlay-color":"","overlay-gradient":""}},"ast-content-background-meta":{"desktop":{"background-color":"var(--ast-global-color-5)","background-image":"","background-repeat":"repeat","background-position":"center center","background-size":"auto","background-attachment":"scroll","background-type":"","background-media":"","overlay-type":"","overlay-color":"","overlay-gradient":""},"tablet":{"background-color":"var(--ast-global-color-5)","background-image":"","background-repeat":"repeat","background-position":"center center","background-size":"auto","background-attachment":"scroll","background-type":"","background-media":"","overlay-type":"","overlay-color":"","overlay-gradient":""},"mobile":{"background-color":"var(--ast-global-color-5)","background-image":"","background-repeat":"repeat","background-position":"center center","background-size":"auto","background-attachment":"scroll","background-type":"","background-media":"","overlay-type":"","overlay-color":"","overlay-gradient":""}}},"product_cat":[139],"product_tag":[39,38,236,134,235,36,37,40],"aioseo_notices":[],"jetpack_sharing_enabled":true,"_links":{"self":[{"href":"https:\/\/arielseeds.com\/index.php\/wp-json\/wp\/v2\/product\/1364"}],"collection":[{"href":"https:\/\/arielseeds.com\/index.php\/wp-json\/wp\/v2\/product"}],"about":[{"href":"https:\/\/arielseeds.com\/index.php\/wp-json\/wp\/v2\/types\/product"}],"replies":[{"embeddable":true,"href":"https:\/\/arielseeds.com\/index.php\/wp-json\/wp\/v2\/comments?post=1364"}],"wp:featuredmedia":[{"embeddable":true,"href":"https:\/\/arielseeds.com\/index.php\/wp-json\/wp\/v2\/media\/1353"}],"wp:attachment":[{"href":"https:\/\/arielseeds.com\/index.php\/wp-json\/wp\/v2\/media?parent=1364"}],"wp:term":[{"taxonomy":"product_cat","embeddable":true,"href":"https:\/\/arielseeds.com\/index.php\/wp-json\/wp\/v2\/product_cat?post=1364"},{"taxonomy":"product_tag","embeddable":true,"href":"https:\/\/arielseeds.com\/index.php\/wp-json\/wp\/v2\/product_tag?post=1364"}],"curies":[{"name":"wp","href":"https:\/\/api.w.org\/{rel}","templated":true}]}}