{"id":1361,"date":"2026-04-10T14:54:43","date_gmt":"2026-04-10T17:54:43","guid":{"rendered":"https:\/\/arielseeds.com\/?post_type=product&#038;p=1361"},"modified":"2026-04-10T15:01:34","modified_gmt":"2026-04-10T18:01:34","slug":"brocolis-hibrido-kennet","status":"publish","type":"product","link":"https:\/\/arielseeds.com\/index.php\/produto\/brocolis-hibrido-kennet\/","title":{"rendered":"Broc\u00f3lis Hibr\u00eddo Kennet"},"content":{"rendered":"","protected":false},"excerpt":{"rendered":"<h6><span style=\"color: #cea65f;\">CARACTER\u00cdSTICAS<\/span><\/h6>\n<ul>\n<li>\n<h6><span style=\"color: #708662;\">Br\u00f3colis de inverno;<\/span><\/h6>\n<\/li>\n<li>\n<h6><span style=\"color: #708662;\">Planta com folhas eretas, colora\u00e7\u00e3o verde escuro e \u00f3tima cerosidade;<\/span><\/h6>\n<\/li>\n<li>\n<h6><span style=\"color: #708662;\">Cabe\u00e7as uniformes, arredondadas (n\u00e3o permitindo ac\u00famulo de \u00e1gua), granulometria pequena, \u00f3tima forma\u00e7\u00e3o dos floretes;<\/span><\/h6>\n<\/li>\n<li>\n<h6><span style=\"color: #708662;\">Bom p\u00f3s colheita.<\/span><\/h6>\n<\/li>\n<\/ul>\n<h6><span style=\"color: #708662;\"><span style=\"color: #cea65f;\">SEGMENTO:<\/span> Br\u00f3colis Hibr\u00eddo Kinnet<\/span><\/h6>\n<h6><span style=\"color: #cea65f;\">\u00c9POCA DE SEMEADURA:<\/span> <span style=\"color: #708662;\">Mar &#8211; Jul<\/span><\/h6>\n<h6><span style=\"color: #cea65f;\">CICLO M\u00c9DIO:<\/span><span style=\"color: #708662;\"> 100 a 110 dias<\/span><\/h6>\n<h6><span style=\"color: #cea65f;\">COLORA\u00c7\u00c3O: <\/span><span style=\"color: #708662;\">Verde-escuro<\/span><\/h6>\n<h6><span style=\"color: #cea65f;\">TAMANHO: <\/span><span style=\"color: #708662;\">Grande<\/span><\/h6>\n","protected":false},"featured_media":1350,"comment_status":"open","ping_status":"closed","template":"","meta":{"om_disable_all_campaigns":false,"_monsterinsights_skip_tracking":false,"_monsterinsights_sitenote_active":false,"_monsterinsights_sitenote_note":"","_monsterinsights_sitenote_category":0,"site-sidebar-layout":"default","site-content-layout":"","ast-site-content-layout":"default","site-content-style":"default","site-sidebar-style":"default","ast-global-header-display":"","ast-banner-title-visibility":"","ast-main-header-display":"","ast-hfb-above-header-display":"","ast-hfb-below-header-display":"","ast-hfb-mobile-header-display":"","site-post-title":"","ast-breadcrumbs-content":"","ast-featured-img":"","footer-sml-layout":"","theme-transparent-header-meta":"default","adv-header-id-meta":"","stick-header-meta":"","header-above-stick-meta":"","header-main-stick-meta":"","header-below-stick-meta":"","astra-migrate-meta-layouts":"set","ast-page-background-enabled":"default","ast-page-background-meta":{"desktop":{"background-color":"var(--ast-global-color-4)","background-image":"","background-repeat":"repeat","background-position":"center center","background-size":"auto","background-attachment":"scroll","background-type":"","background-media":"","overlay-type":"","overlay-color":"","overlay-gradient":""},"tablet":{"background-color":"","background-image":"","background-repeat":"repeat","background-position":"center center","background-size":"auto","background-attachment":"scroll","background-type":"","background-media":"","overlay-type":"","overlay-color":"","overlay-gradient":""},"mobile":{"background-color":"","background-image":"","background-repeat":"repeat","background-position":"center center","background-size":"auto","background-attachment":"scroll","background-type":"","background-media":"","overlay-type":"","overlay-color":"","overlay-gradient":""}},"ast-content-background-meta":{"desktop":{"background-color":"var(--ast-global-color-5)","background-image":"","background-repeat":"repeat","background-position":"center center","background-size":"auto","background-attachment":"scroll","background-type":"","background-media":"","overlay-type":"","overlay-color":"","overlay-gradient":""},"tablet":{"background-color":"var(--ast-global-color-5)","background-image":"","background-repeat":"repeat","background-position":"center center","background-size":"auto","background-attachment":"scroll","background-type":"","background-media":"","overlay-type":"","overlay-color":"","overlay-gradient":""},"mobile":{"background-color":"var(--ast-global-color-5)","background-image":"","background-repeat":"repeat","background-position":"center center","background-size":"auto","background-attachment":"scroll","background-type":"","background-media":"","overlay-type":"","overlay-color":"","overlay-gradient":""}}},"product_cat":[221],"product_tag":[39,38,226,229,227,228,36,37,40],"aioseo_notices":[],"jetpack_sharing_enabled":true,"_links":{"self":[{"href":"https:\/\/arielseeds.com\/index.php\/wp-json\/wp\/v2\/product\/1361"}],"collection":[{"href":"https:\/\/arielseeds.com\/index.php\/wp-json\/wp\/v2\/product"}],"about":[{"href":"https:\/\/arielseeds.com\/index.php\/wp-json\/wp\/v2\/types\/product"}],"replies":[{"embeddable":true,"href":"https:\/\/arielseeds.com\/index.php\/wp-json\/wp\/v2\/comments?post=1361"}],"wp:featuredmedia":[{"embeddable":true,"href":"https:\/\/arielseeds.com\/index.php\/wp-json\/wp\/v2\/media\/1350"}],"wp:attachment":[{"href":"https:\/\/arielseeds.com\/index.php\/wp-json\/wp\/v2\/media?parent=1361"}],"wp:term":[{"taxonomy":"product_cat","embeddable":true,"href":"https:\/\/arielseeds.com\/index.php\/wp-json\/wp\/v2\/product_cat?post=1361"},{"taxonomy":"product_tag","embeddable":true,"href":"https:\/\/arielseeds.com\/index.php\/wp-json\/wp\/v2\/product_tag?post=1361"}],"curies":[{"name":"wp","href":"https:\/\/api.w.org\/{rel}","templated":true}]}}