{"id":1344,"date":"2026-04-10T14:23:19","date_gmt":"2026-04-10T17:23:19","guid":{"rendered":"https:\/\/arielseeds.com\/?post_type=product&#038;p=1344"},"modified":"2026-04-10T14:35:38","modified_gmt":"2026-04-10T17:35:38","slug":"alface-americana-fredonia","status":"publish","type":"product","link":"https:\/\/arielseeds.com\/index.php\/produto\/alface-americana-fredonia\/","title":{"rendered":"Alface Americana Fredonia"},"content":{"rendered":"","protected":false},"excerpt":{"rendered":"<h6><span style=\"color: #cea65f;\">CARACTER\u00cdSTICAS<\/span><\/h6>\n<ul>\n<li>\n<h6><span style=\"color: #708662;\">Alface americana de ver\u00e3o;<\/span><\/h6>\n<\/li>\n<li>\n<h6><span style=\"color: #708662;\">Cabe\u00e7a de porte grande e pesada;<\/span><\/h6>\n<\/li>\n<li>\n<h6><span style=\"color: #708662;\">Boa forma\u00e7\u00e3o de saia (folhas baixeiras);<\/span><\/h6>\n<\/li>\n<li>\n<h6><span style=\"color: #708662;\">Ideal para processamento e mercado in natura;<\/span><\/h6>\n<\/li>\n<li>\n<h6><span style=\"color: #708662;\">Excelente uniformidade e padroniza\u00e7\u00e3o de cabe\u00e7a;<\/span><\/h6>\n<\/li>\n<li>\n<h6><span style=\"color: #708662;\">Tolerate \u00e1s oscila\u00e7\u00f5es clim\u00e1ticas (calor e chuva);<\/span><\/h6>\n<\/li>\n<li>\n<h6><span style=\"color: #708662;\">Tolerante ao fusarium.<\/span><\/h6>\n<\/li>\n<\/ul>\n<h6><span style=\"color: #cea65f;\">SEGMENTO:<\/span> <span style=\"color: #708662;\">Alface Americana Fredonia<\/span><\/h6>\n<h6><span style=\"color: #cea65f;\">ESPA\u00c7AMENTO:<\/span> <span class=\"OYPEnA font-feature-liga-off font-feature-clig-off font-feature-calt-off text-decoration-none text-strikethrough-none\" style=\"color: #708662;\"> 0,30 x 0,30 m<\/span><\/h6>\n<h6><span style=\"color: #cea65f;\">\u00c9POCA DE SEMEADURA:<\/span> <span style=\"color: #708662;\">Ago &#8211; Fev | Regi\u00f5es quentes ano todo<\/span><\/h6>\n<h6><span style=\"color: #cea65f;\">CICLO M\u00c9DIO:<\/span><span style=\"color: #708662;\"> 75 a 90 dias <\/span><\/h6>\n<h6><span style=\"color: #cea65f;\">COLORA\u00c7\u00c3O:<\/span> <span style=\"color: #708662;\">Verde<\/span><\/h6>\n","protected":false},"featured_media":1347,"comment_status":"open","ping_status":"closed","template":"","meta":{"om_disable_all_campaigns":false,"_monsterinsights_skip_tracking":false,"_monsterinsights_sitenote_active":false,"_monsterinsights_sitenote_note":"","_monsterinsights_sitenote_category":0,"site-sidebar-layout":"default","site-content-layout":"","ast-site-content-layout":"default","site-content-style":"default","site-sidebar-style":"default","ast-global-header-display":"","ast-banner-title-visibility":"","ast-main-header-display":"","ast-hfb-above-header-display":"","ast-hfb-below-header-display":"","ast-hfb-mobile-header-display":"","site-post-title":"","ast-breadcrumbs-content":"","ast-featured-img":"","footer-sml-layout":"","theme-transparent-header-meta":"default","adv-header-id-meta":"","stick-header-meta":"","header-above-stick-meta":"","header-main-stick-meta":"","header-below-stick-meta":"","astra-migrate-meta-layouts":"set","ast-page-background-enabled":"default","ast-page-background-meta":{"desktop":{"background-color":"var(--ast-global-color-4)","background-image":"","background-repeat":"repeat","background-position":"center center","background-size":"auto","background-attachment":"scroll","background-type":"","background-media":"","overlay-type":"","overlay-color":"","overlay-gradient":""},"tablet":{"background-color":"","background-image":"","background-repeat":"repeat","background-position":"center center","background-size":"auto","background-attachment":"scroll","background-type":"","background-media":"","overlay-type":"","overlay-color":"","overlay-gradient":""},"mobile":{"background-color":"","background-image":"","background-repeat":"repeat","background-position":"center center","background-size":"auto","background-attachment":"scroll","background-type":"","background-media":"","overlay-type":"","overlay-color":"","overlay-gradient":""}},"ast-content-background-meta":{"desktop":{"background-color":"var(--ast-global-color-5)","background-image":"","background-repeat":"repeat","background-position":"center center","background-size":"auto","background-attachment":"scroll","background-type":"","background-media":"","overlay-type":"","overlay-color":"","overlay-gradient":""},"tablet":{"background-color":"var(--ast-global-color-5)","background-image":"","background-repeat":"repeat","background-position":"center center","background-size":"auto","background-attachment":"scroll","background-type":"","background-media":"","overlay-type":"","overlay-color":"","overlay-gradient":""},"mobile":{"background-color":"var(--ast-global-color-5)","background-image":"","background-repeat":"repeat","background-position":"center center","background-size":"auto","background-attachment":"scroll","background-type":"","background-media":"","overlay-type":"","overlay-color":"","overlay-gradient":""}}},"product_cat":[25],"product_tag":[58,215,66,39,38,214,36,37,40],"aioseo_notices":[],"jetpack_sharing_enabled":true,"_links":{"self":[{"href":"https:\/\/arielseeds.com\/index.php\/wp-json\/wp\/v2\/product\/1344"}],"collection":[{"href":"https:\/\/arielseeds.com\/index.php\/wp-json\/wp\/v2\/product"}],"about":[{"href":"https:\/\/arielseeds.com\/index.php\/wp-json\/wp\/v2\/types\/product"}],"replies":[{"embeddable":true,"href":"https:\/\/arielseeds.com\/index.php\/wp-json\/wp\/v2\/comments?post=1344"}],"wp:featuredmedia":[{"embeddable":true,"href":"https:\/\/arielseeds.com\/index.php\/wp-json\/wp\/v2\/media\/1347"}],"wp:attachment":[{"href":"https:\/\/arielseeds.com\/index.php\/wp-json\/wp\/v2\/media?parent=1344"}],"wp:term":[{"taxonomy":"product_cat","embeddable":true,"href":"https:\/\/arielseeds.com\/index.php\/wp-json\/wp\/v2\/product_cat?post=1344"},{"taxonomy":"product_tag","embeddable":true,"href":"https:\/\/arielseeds.com\/index.php\/wp-json\/wp\/v2\/product_tag?post=1344"}],"curies":[{"name":"wp","href":"https:\/\/api.w.org\/{rel}","templated":true}]}}