{"id":1293,"date":"2025-06-10T18:12:50","date_gmt":"2025-06-10T21:12:50","guid":{"rendered":"https:\/\/arielseeds.com\/?post_type=product&#038;p=1293"},"modified":"2025-06-10T18:18:33","modified_gmt":"2025-06-10T21:18:33","slug":"mini-alface-bihai","status":"publish","type":"product","link":"https:\/\/arielseeds.com\/index.php\/produto\/mini-alface-bihai\/","title":{"rendered":"Mini Alface Bihai"},"content":{"rendered":"","protected":false},"excerpt":{"rendered":"<h6><span style=\"color: #cea65f;\">CARACTER\u00cdSTICAS<\/span><\/h6>\n<ul>\n<li>\n<h6><span class=\"OYPEnA font-feature-liga-off font-feature-clig-off font-feature-calt-off text-decoration-none text-strikethrough-none\" style=\"color: #708662;\">Planta r\u00fastica, compacta e de \u00f3timo p\u00f3s colheita;<\/span><\/h6>\n<\/li>\n<li>\n<h6><span class=\"OYPEnA font-feature-liga-off font-feature-clig-off font-feature-calt-off text-decoration-none text-strikethrough-none\" style=\"color: #708662;\">Folhas repicadas e colora\u00e7\u00e3o roxa;<\/span><\/h6>\n<\/li>\n<li>\n<h6><span class=\"OYPEnA font-feature-liga-off font-feature-clig-off font-feature-calt-off text-decoration-none text-strikethrough-none\" style=\"color: #708662;\">Multi leaf (m\u00faltiplas folhas);<\/span><\/h6>\n<\/li>\n<li>\n<h6><span class=\"OYPEnA font-feature-liga-off font-feature-clig-off font-feature-calt-off text-decoration-none text-strikethrough-none\" style=\"color: #708662;\">Melhor aproveitamento da \u00e1rea de plantio;<\/span><\/h6>\n<\/li>\n<li>\n<h6><span class=\"OYPEnA font-feature-liga-off font-feature-clig-off font-feature-calt-off text-decoration-none text-strikethrough-none\" style=\"color: #708662;\">Cultivo convencional (solo) ou hidroponia;<\/span><\/h6>\n<\/li>\n<li>\n<h6><span class=\"OYPEnA font-feature-liga-off font-feature-clig-off font-feature-calt-off text-decoration-none text-strikethrough-none\" style=\"color: #708662;\">Mercado diferenciado (in natura ou higienizados &#8211; mix);<\/span><\/h6>\n<\/li>\n<li>\n<h6><span class=\"OYPEnA font-feature-liga-off font-feature-clig-off font-feature-calt-off text-decoration-none text-strikethrough-none\" style=\"color: #708662;\">Excelente toler\u00e2ncia ao pendoamento;<\/span><\/h6>\n<\/li>\n<li>\n<h6><span class=\"OYPEnA font-feature-liga-off font-feature-clig-off font-feature-calt-off text-decoration-none text-strikethrough-none\" style=\"color: #708662;\">Par perfeito para a mini Alface Tango Beijupira (Verde-Clara)<\/span><\/h6>\n<\/li>\n<li style=\"list-style-type: none;\"><\/li>\n<\/ul>\n<h6><span style=\"color: #708662;\"><span style=\"color: #cea65f;\">SEGMENTO:<\/span> Mini Alface Tango Roxa<\/span><\/h6>\n<h6><span style=\"color: #cea65f;\">ESPA\u00c7AMENTO:<\/span> <span style=\"color: #708662;\">0,20 x 0,20m <\/span><\/h6>\n<h6><span style=\"color: #cea65f;\">\u00c9POCA DE SEMEADURA:<\/span> <span style=\"color: #708662;\">Fev &#8211; Ago<\/span><\/h6>\n<h6><span style=\"color: #cea65f;\">CICLO M\u00c9DIO:<\/span> <span style=\"color: #708662;\">55 a 65 dias <\/span><\/h6>\n<h6><span style=\"color: #cea65f;\">COLORA\u00c7\u00c3O:<\/span> <span style=\"color: #708662;\">Roxa<\/span><\/h6>\n","protected":false},"featured_media":1294,"comment_status":"open","ping_status":"closed","template":"","meta":{"om_disable_all_campaigns":false,"_monsterinsights_skip_tracking":false,"_monsterinsights_sitenote_active":false,"_monsterinsights_sitenote_note":"","_monsterinsights_sitenote_category":0,"site-sidebar-layout":"default","site-content-layout":"","ast-site-content-layout":"default","site-content-style":"default","site-sidebar-style":"default","ast-global-header-display":"","ast-banner-title-visibility":"","ast-main-header-display":"","ast-hfb-above-header-display":"","ast-hfb-below-header-display":"","ast-hfb-mobile-header-display":"","site-post-title":"","ast-breadcrumbs-content":"","ast-featured-img":"","footer-sml-layout":"","theme-transparent-header-meta":"default","adv-header-id-meta":"","stick-header-meta":"","header-above-stick-meta":"","header-main-stick-meta":"","header-below-stick-meta":"","astra-migrate-meta-layouts":"set","ast-page-background-enabled":"default","ast-page-background-meta":{"desktop":{"background-color":"var(--ast-global-color-4)","background-image":"","background-repeat":"repeat","background-position":"center center","background-size":"auto","background-attachment":"scroll","background-type":"","background-media":"","overlay-type":"","overlay-color":"","overlay-gradient":""},"tablet":{"background-color":"","background-image":"","background-repeat":"repeat","background-position":"center center","background-size":"auto","background-attachment":"scroll","background-type":"","background-media":"","overlay-type":"","overlay-color":"","overlay-gradient":""},"mobile":{"background-color":"","background-image":"","background-repeat":"repeat","background-position":"center center","background-size":"auto","background-attachment":"scroll","background-type":"","background-media":"","overlay-type":"","overlay-color":"","overlay-gradient":""}},"ast-content-background-meta":{"desktop":{"background-color":"var(--ast-global-color-5)","background-image":"","background-repeat":"repeat","background-position":"center center","background-size":"auto","background-attachment":"scroll","background-type":"","background-media":"","overlay-type":"","overlay-color":"","overlay-gradient":""},"tablet":{"background-color":"var(--ast-global-color-5)","background-image":"","background-repeat":"repeat","background-position":"center center","background-size":"auto","background-attachment":"scroll","background-type":"","background-media":"","overlay-type":"","overlay-color":"","overlay-gradient":""},"mobile":{"background-color":"var(--ast-global-color-5)","background-image":"","background-repeat":"repeat","background-position":"center center","background-size":"auto","background-attachment":"scroll","background-type":"","background-media":"","overlay-type":"","overlay-color":"","overlay-gradient":""}}},"product_cat":[28],"product_tag":[58,39,38,168,82,167,37,40],"aioseo_notices":[],"jetpack_sharing_enabled":true,"_links":{"self":[{"href":"https:\/\/arielseeds.com\/index.php\/wp-json\/wp\/v2\/product\/1293"}],"collection":[{"href":"https:\/\/arielseeds.com\/index.php\/wp-json\/wp\/v2\/product"}],"about":[{"href":"https:\/\/arielseeds.com\/index.php\/wp-json\/wp\/v2\/types\/product"}],"replies":[{"embeddable":true,"href":"https:\/\/arielseeds.com\/index.php\/wp-json\/wp\/v2\/comments?post=1293"}],"wp:featuredmedia":[{"embeddable":true,"href":"https:\/\/arielseeds.com\/index.php\/wp-json\/wp\/v2\/media\/1294"}],"wp:attachment":[{"href":"https:\/\/arielseeds.com\/index.php\/wp-json\/wp\/v2\/media?parent=1293"}],"wp:term":[{"taxonomy":"product_cat","embeddable":true,"href":"https:\/\/arielseeds.com\/index.php\/wp-json\/wp\/v2\/product_cat?post=1293"},{"taxonomy":"product_tag","embeddable":true,"href":"https:\/\/arielseeds.com\/index.php\/wp-json\/wp\/v2\/product_tag?post=1293"}],"curies":[{"name":"wp","href":"https:\/\/api.w.org\/{rel}","templated":true}]}}