{"id":1280,"date":"2025-06-10T15:22:57","date_gmt":"2025-06-10T18:22:57","guid":{"rendered":"https:\/\/arielseeds.com\/?post_type=product&#038;p=1280"},"modified":"2025-06-10T18:20:36","modified_gmt":"2025-06-10T21:20:36","slug":"alface-americana-greise","status":"publish","type":"product","link":"https:\/\/arielseeds.com\/index.php\/produto\/alface-americana-greise\/","title":{"rendered":"Alface Americana Greise"},"content":{"rendered":"","protected":false},"excerpt":{"rendered":"<h6><span style=\"color: #cea65f;\">CARACTER\u00cdSTICAS<\/span><\/h6>\n<ul>\n<li>\n<h6><span class=\"OYPEnA font-feature-liga-off font-feature-clig-off font-feature-calt-off text-decoration-none text-strikethrough-none\" style=\"color: #708662;\">Alface americana ideal para o cultivo no inverno;<\/span><\/h6>\n<\/li>\n<li>\n<h6><span class=\"OYPEnA font-feature-liga-off font-feature-clig-off font-feature-calt-off text-decoration-none text-strikethrough-none\" style=\"color: #708662;\">Planta de porte grande e pesada, boa forma\u00e7\u00e3o de saia (folhas baixeiras);<\/span><\/h6>\n<\/li>\n<li>\n<h6><span class=\"OYPEnA font-feature-liga-off font-feature-clig-off font-feature-calt-off text-decoration-none text-strikethrough-none\" style=\"color: #708662;\">Ideal para processamento e mercado fresco;<\/span><\/h6>\n<\/li>\n<li>\n<h6><span class=\"OYPEnA font-feature-liga-off font-feature-clig-off font-feature-calt-off text-decoration-none text-strikethrough-none\" style=\"color: #708662;\">Excelente cobertura e sanidade foliar;<\/span><\/h6>\n<\/li>\n<li>\n<h6><span class=\"OYPEnA font-feature-liga-off font-feature-clig-off font-feature-calt-off text-decoration-none text-strikethrough-none\" style=\"color: #708662;\">\u00d3tima toler\u00e2ncia ao m\u00edldio (bremia lactucae);<\/span><\/h6>\n<\/li>\n<li>\n<h6><span class=\"OYPEnA font-feature-liga-off font-feature-clig-off font-feature-calt-off text-decoration-none text-strikethrough-none\" style=\"color: #708662;\">Talo curto.<\/span><\/h6>\n<\/li>\n<\/ul>\n<h6><span style=\"color: #cea65f;\">SEGMENTO:<\/span> <span style=\"color: #708662;\">Alface Americana Greise<\/span><\/h6>\n<h6><span style=\"color: #cea65f;\">ESPA\u00c7AMENTO:<\/span> <span class=\"OYPEnA font-feature-liga-off font-feature-clig-off font-feature-calt-off text-decoration-none text-strikethrough-none\" style=\"color: #708662;\"> 0,35 x 0,35 m<\/span><\/h6>\n<h6><span style=\"color: #cea65f;\">\u00c9POCA DE SEMEADURA:<\/span> <span style=\"color: #708662;\">Fev &#8211; Ago<\/span><\/h6>\n<h6><span style=\"color: #cea65f;\">CICLO M\u00c9DIO:<\/span><span style=\"color: #708662;\"> 85 a 95 dias <\/span><\/h6>\n<h6><span style=\"color: #cea65f;\">COLORA\u00c7\u00c3O:<\/span> <span style=\"color: #708662;\">Verde-intenso<\/span><\/h6>\n","protected":false},"featured_media":1284,"comment_status":"open","ping_status":"closed","template":"","meta":{"om_disable_all_campaigns":false,"_monsterinsights_skip_tracking":false,"_monsterinsights_sitenote_active":false,"_monsterinsights_sitenote_note":"","_monsterinsights_sitenote_category":0,"site-sidebar-layout":"default","site-content-layout":"","ast-site-content-layout":"default","site-content-style":"default","site-sidebar-style":"default","ast-global-header-display":"","ast-banner-title-visibility":"","ast-main-header-display":"","ast-hfb-above-header-display":"","ast-hfb-below-header-display":"","ast-hfb-mobile-header-display":"","site-post-title":"","ast-breadcrumbs-content":"","ast-featured-img":"","footer-sml-layout":"","theme-transparent-header-meta":"default","adv-header-id-meta":"","stick-header-meta":"","header-above-stick-meta":"","header-main-stick-meta":"","header-below-stick-meta":"","astra-migrate-meta-layouts":"set","ast-page-background-enabled":"default","ast-page-background-meta":{"desktop":{"background-color":"var(--ast-global-color-4)","background-image":"","background-repeat":"repeat","background-position":"center center","background-size":"auto","background-attachment":"scroll","background-type":"","background-media":"","overlay-type":"","overlay-color":"","overlay-gradient":""},"tablet":{"background-color":"","background-image":"","background-repeat":"repeat","background-position":"center center","background-size":"auto","background-attachment":"scroll","background-type":"","background-media":"","overlay-type":"","overlay-color":"","overlay-gradient":""},"mobile":{"background-color":"","background-image":"","background-repeat":"repeat","background-position":"center center","background-size":"auto","background-attachment":"scroll","background-type":"","background-media":"","overlay-type":"","overlay-color":"","overlay-gradient":""}},"ast-content-background-meta":{"desktop":{"background-color":"var(--ast-global-color-5)","background-image":"","background-repeat":"repeat","background-position":"center center","background-size":"auto","background-attachment":"scroll","background-type":"","background-media":"","overlay-type":"","overlay-color":"","overlay-gradient":""},"tablet":{"background-color":"var(--ast-global-color-5)","background-image":"","background-repeat":"repeat","background-position":"center center","background-size":"auto","background-attachment":"scroll","background-type":"","background-media":"","overlay-type":"","overlay-color":"","overlay-gradient":""},"mobile":{"background-color":"var(--ast-global-color-5)","background-image":"","background-repeat":"repeat","background-position":"center center","background-size":"auto","background-attachment":"scroll","background-type":"","background-media":"","overlay-type":"","overlay-color":"","overlay-gradient":""}}},"product_cat":[25],"product_tag":[58,66,75,39,38,74,36,37,40],"aioseo_notices":[],"jetpack_sharing_enabled":true,"_links":{"self":[{"href":"https:\/\/arielseeds.com\/index.php\/wp-json\/wp\/v2\/product\/1280"}],"collection":[{"href":"https:\/\/arielseeds.com\/index.php\/wp-json\/wp\/v2\/product"}],"about":[{"href":"https:\/\/arielseeds.com\/index.php\/wp-json\/wp\/v2\/types\/product"}],"replies":[{"embeddable":true,"href":"https:\/\/arielseeds.com\/index.php\/wp-json\/wp\/v2\/comments?post=1280"}],"wp:featuredmedia":[{"embeddable":true,"href":"https:\/\/arielseeds.com\/index.php\/wp-json\/wp\/v2\/media\/1284"}],"wp:attachment":[{"href":"https:\/\/arielseeds.com\/index.php\/wp-json\/wp\/v2\/media?parent=1280"}],"wp:term":[{"taxonomy":"product_cat","embeddable":true,"href":"https:\/\/arielseeds.com\/index.php\/wp-json\/wp\/v2\/product_cat?post=1280"},{"taxonomy":"product_tag","embeddable":true,"href":"https:\/\/arielseeds.com\/index.php\/wp-json\/wp\/v2\/product_tag?post=1280"}],"curies":[{"name":"wp","href":"https:\/\/api.w.org\/{rel}","templated":true}]}}