{"id":1091,"date":"2024-05-20T14:40:54","date_gmt":"2024-05-20T17:40:54","guid":{"rendered":"https:\/\/arielseeds.com\/?post_type=product&#038;p=1091"},"modified":"2024-05-27T15:36:03","modified_gmt":"2024-05-27T18:36:03","slug":"melancia-hibrida-berlim","status":"publish","type":"product","link":"https:\/\/arielseeds.com\/index.php\/produto\/melancia-hibrida-berlim\/","title":{"rendered":"Melancia H\u00edbrida Berlim"},"content":{"rendered":"","protected":false},"excerpt":{"rendered":"<h6><span style=\"color: #cea65f;\">CARACTER\u00cdSTICAS<\/span><\/h6>\n<ul>\n<li>\n<h6><span style=\"color: #708662;\">Planta compacta com bom pegamento de frutos;<\/span><\/h6>\n<\/li>\n<li>\n<h6><span style=\"color: #708662;\">Recomendado plantio com mudas e uso de polinizador;<\/span><\/h6>\n<\/li>\n<li>\n<h6><span style=\"color: #708662;\">Melancia tripl\u00f3ide, sem sementes (eventualmente pode formar algumas sementes);<\/span><\/h6>\n<\/li>\n<li>\n<h6><span style=\"color: #708662;\">Frutos redondos, casca rajada e polpa de colora\u00e7\u00e3o amarela intensa.<\/span><\/h6>\n<\/li>\n<\/ul>\n<h6><span style=\"color: #cea65f;\">SEGMENTO: <\/span><span style=\"color: #708662;\">Melancia h\u00edbrida berlim tipo tripl\u00f3ide<\/span><\/h6>\n<h6><span style=\"color: #cea65f;\">\u00c9POCA DE SEMEADURA: <\/span><span style=\"color: #708662;\">Regi\u00f5es quentes ano todo e no ver\u00e3o regi\u00e3o sul<\/span><\/h6>\n<h6><span style=\"color: #cea65f;\">CICLO M\u00c9DIO: <\/span><span style=\"color: #708662;\">70 dias (altas temperaturas) 95 (temperaturas amenas)<\/span><\/h6>\n<h6><span style=\"color: #cea65f;\">PESO M\u00c9DIO: <\/span><span style=\"color: #708662;\">3,5 a 4,0kg<\/span><\/h6>\n","protected":false},"featured_media":1094,"comment_status":"open","ping_status":"closed","template":"","meta":{"om_disable_all_campaigns":false,"_monsterinsights_skip_tracking":false,"_monsterinsights_sitenote_active":false,"_monsterinsights_sitenote_note":"","_monsterinsights_sitenote_category":0,"site-sidebar-layout":"default","site-content-layout":"","ast-site-content-layout":"default","site-content-style":"default","site-sidebar-style":"default","ast-global-header-display":"","ast-banner-title-visibility":"","ast-main-header-display":"","ast-hfb-above-header-display":"","ast-hfb-below-header-display":"","ast-hfb-mobile-header-display":"","site-post-title":"","ast-breadcrumbs-content":"","ast-featured-img":"","footer-sml-layout":"","theme-transparent-header-meta":"default","adv-header-id-meta":"","stick-header-meta":"","header-above-stick-meta":"","header-main-stick-meta":"","header-below-stick-meta":"","astra-migrate-meta-layouts":"set","ast-page-background-enabled":"default","ast-page-background-meta":{"desktop":{"background-color":"var(--ast-global-color-4)","background-image":"","background-repeat":"repeat","background-position":"center center","background-size":"auto","background-attachment":"scroll","background-type":"","background-media":"","overlay-type":"","overlay-color":"","overlay-gradient":""},"tablet":{"background-color":"","background-image":"","background-repeat":"repeat","background-position":"center center","background-size":"auto","background-attachment":"scroll","background-type":"","background-media":"","overlay-type":"","overlay-color":"","overlay-gradient":""},"mobile":{"background-color":"","background-image":"","background-repeat":"repeat","background-position":"center center","background-size":"auto","background-attachment":"scroll","background-type":"","background-media":"","overlay-type":"","overlay-color":"","overlay-gradient":""}},"ast-content-background-meta":{"desktop":{"background-color":"var(--ast-global-color-5)","background-image":"","background-repeat":"repeat","background-position":"center center","background-size":"auto","background-attachment":"scroll","background-type":"","background-media":"","overlay-type":"","overlay-color":"","overlay-gradient":""},"tablet":{"background-color":"var(--ast-global-color-5)","background-image":"","background-repeat":"repeat","background-position":"center center","background-size":"auto","background-attachment":"scroll","background-type":"","background-media":"","overlay-type":"","overlay-color":"","overlay-gradient":""},"mobile":{"background-color":"var(--ast-global-color-5)","background-image":"","background-repeat":"repeat","background-position":"center center","background-size":"auto","background-attachment":"scroll","background-type":"","background-media":"","overlay-type":"","overlay-color":"","overlay-gradient":""}}},"product_cat":[29],"product_tag":[39,38,146,145,85,147,36,40],"aioseo_notices":[],"jetpack_sharing_enabled":true,"_links":{"self":[{"href":"https:\/\/arielseeds.com\/index.php\/wp-json\/wp\/v2\/product\/1091"}],"collection":[{"href":"https:\/\/arielseeds.com\/index.php\/wp-json\/wp\/v2\/product"}],"about":[{"href":"https:\/\/arielseeds.com\/index.php\/wp-json\/wp\/v2\/types\/product"}],"replies":[{"embeddable":true,"href":"https:\/\/arielseeds.com\/index.php\/wp-json\/wp\/v2\/comments?post=1091"}],"wp:featuredmedia":[{"embeddable":true,"href":"https:\/\/arielseeds.com\/index.php\/wp-json\/wp\/v2\/media\/1094"}],"wp:attachment":[{"href":"https:\/\/arielseeds.com\/index.php\/wp-json\/wp\/v2\/media?parent=1091"}],"wp:term":[{"taxonomy":"product_cat","embeddable":true,"href":"https:\/\/arielseeds.com\/index.php\/wp-json\/wp\/v2\/product_cat?post=1091"},{"taxonomy":"product_tag","embeddable":true,"href":"https:\/\/arielseeds.com\/index.php\/wp-json\/wp\/v2\/product_tag?post=1091"}],"curies":[{"name":"wp","href":"https:\/\/api.w.org\/{rel}","templated":true}]}}