{"id":1089,"date":"2024-05-20T14:28:08","date_gmt":"2024-05-20T17:28:08","guid":{"rendered":"https:\/\/arielseeds.com\/?post_type=product&#038;p=1089"},"modified":"2024-11-20T09:04:02","modified_gmt":"2024-11-20T12:04:02","slug":"quiabo-hibrido-xingo","status":"publish","type":"product","link":"https:\/\/arielseeds.com\/index.php\/produto\/quiabo-hibrido-xingo\/","title":{"rendered":"Quiabo H\u00edbrido Xing\u00f3"},"content":{"rendered":"","protected":false},"excerpt":{"rendered":"<h6><span style=\"color: #cea65f;\">CARACTER\u00cdSTICAS<\/span><\/h6>\n<ul>\n<li>\n<h6><span style=\"color: #708662;\">Alta produtividade;<\/span><\/h6>\n<\/li>\n<li>\n<h6><span style=\"color: #708662;\">Frutos eretos, formato padronizado e excelente colora\u00e7\u00e3o;<\/span><\/h6>\n<\/li>\n<li>\n<h6><span style=\"color: #708662;\">Planta compacta;<\/span><\/h6>\n<\/li>\n<li>\n<h6><span style=\"color: #708662;\">Sanidade muito boa no geral (planta e fruto);<\/span><\/h6>\n<\/li>\n<li>\n<h6><span style=\"color: #708662;\">Planta compacta, entre-n\u00f3s curtos, crescimento indeterminado e boa ramifica\u00e7\u00e3o lateral;<\/span><\/h6>\n<\/li>\n<li>\n<h6><span style=\"color: #708662;\">Frutifica\u00e7\u00e3o precoce, alto pegamento de frutos e produtiviodade;<\/span><\/h6>\n<\/li>\n<li>\n<h6><span style=\"color: #708662;\">Frutos de colora\u00e7\u00e3o verde claro, cil\u00edndricos e pouca presen\u00e7a de espinhos.<\/span><\/h6>\n<\/li>\n<\/ul>\n<h6><span style=\"color: #cea65f;\">SEGMENTO: <\/span><span style=\"color: #708662;\">Quiabo H\u00edbrido Xing\u00f3<\/span><\/h6>\n<h6><span style=\"color: #cea65f;\">\u00c9POCA DE SEMEADURA: <\/span><span style=\"color: #708662;\">Ano todo (evitando-se \u00e9pocas\/regi\u00f5es mais frias)<\/span><\/h6>\n<h6><span style=\"color: #cea65f;\">IN\u00cdCIO PRODU\u00c7\u00c3O: <\/span><span style=\"color: #708662;\">35 a 45 dias<\/span><\/h6>\n<h6><span style=\"color: #cea65f;\">TAMANHO: <\/span><span style=\"color: #708662;\">16,0\u00a0x\u00a02,0cm<\/span><\/h6>\n","protected":false},"featured_media":1090,"comment_status":"open","ping_status":"closed","template":"","meta":{"om_disable_all_campaigns":false,"_monsterinsights_skip_tracking":false,"_monsterinsights_sitenote_active":false,"_monsterinsights_sitenote_note":"","_monsterinsights_sitenote_category":0,"site-sidebar-layout":"default","site-content-layout":"","ast-site-content-layout":"default","site-content-style":"default","site-sidebar-style":"default","ast-global-header-display":"","ast-banner-title-visibility":"","ast-main-header-display":"","ast-hfb-above-header-display":"","ast-hfb-below-header-display":"","ast-hfb-mobile-header-display":"","site-post-title":"","ast-breadcrumbs-content":"","ast-featured-img":"","footer-sml-layout":"","theme-transparent-header-meta":"default","adv-header-id-meta":"","stick-header-meta":"","header-above-stick-meta":"","header-main-stick-meta":"","header-below-stick-meta":"","astra-migrate-meta-layouts":"set","ast-page-background-enabled":"default","ast-page-background-meta":{"desktop":{"background-color":"var(--ast-global-color-4)","background-image":"","background-repeat":"repeat","background-position":"center center","background-size":"auto","background-attachment":"scroll","background-type":"","background-media":"","overlay-type":"","overlay-color":"","overlay-gradient":""},"tablet":{"background-color":"","background-image":"","background-repeat":"repeat","background-position":"center center","background-size":"auto","background-attachment":"scroll","background-type":"","background-media":"","overlay-type":"","overlay-color":"","overlay-gradient":""},"mobile":{"background-color":"","background-image":"","background-repeat":"repeat","background-position":"center center","background-size":"auto","background-attachment":"scroll","background-type":"","background-media":"","overlay-type":"","overlay-color":"","overlay-gradient":""}},"ast-content-background-meta":{"desktop":{"background-color":"var(--ast-global-color-5)","background-image":"","background-repeat":"repeat","background-position":"center center","background-size":"auto","background-attachment":"scroll","background-type":"","background-media":"","overlay-type":"","overlay-color":"","overlay-gradient":""},"tablet":{"background-color":"var(--ast-global-color-5)","background-image":"","background-repeat":"repeat","background-position":"center center","background-size":"auto","background-attachment":"scroll","background-type":"","background-media":"","overlay-type":"","overlay-color":"","overlay-gradient":""},"mobile":{"background-color":"var(--ast-global-color-5)","background-image":"","background-repeat":"repeat","background-position":"center center","background-size":"auto","background-attachment":"scroll","background-type":"","background-media":"","overlay-type":"","overlay-color":"","overlay-gradient":""}}},"product_cat":[139],"product_tag":[39,38,134,136,135,137,36,40,138],"aioseo_notices":[],"jetpack_sharing_enabled":true,"_links":{"self":[{"href":"https:\/\/arielseeds.com\/index.php\/wp-json\/wp\/v2\/product\/1089"}],"collection":[{"href":"https:\/\/arielseeds.com\/index.php\/wp-json\/wp\/v2\/product"}],"about":[{"href":"https:\/\/arielseeds.com\/index.php\/wp-json\/wp\/v2\/types\/product"}],"replies":[{"embeddable":true,"href":"https:\/\/arielseeds.com\/index.php\/wp-json\/wp\/v2\/comments?post=1089"}],"wp:featuredmedia":[{"embeddable":true,"href":"https:\/\/arielseeds.com\/index.php\/wp-json\/wp\/v2\/media\/1090"}],"wp:attachment":[{"href":"https:\/\/arielseeds.com\/index.php\/wp-json\/wp\/v2\/media?parent=1089"}],"wp:term":[{"taxonomy":"product_cat","embeddable":true,"href":"https:\/\/arielseeds.com\/index.php\/wp-json\/wp\/v2\/product_cat?post=1089"},{"taxonomy":"product_tag","embeddable":true,"href":"https:\/\/arielseeds.com\/index.php\/wp-json\/wp\/v2\/product_tag?post=1089"}],"curies":[{"name":"wp","href":"https:\/\/api.w.org\/{rel}","templated":true}]}}