{"id":1084,"date":"2024-05-20T13:52:51","date_gmt":"2024-05-20T16:52:51","guid":{"rendered":"https:\/\/arielseeds.com\/?post_type=product&#038;p=1084"},"modified":"2026-04-09T16:52:48","modified_gmt":"2026-04-09T19:52:48","slug":"pepino-japones-hibrido-kuroobi","status":"publish","type":"product","link":"https:\/\/arielseeds.com\/index.php\/produto\/pepino-japones-hibrido-kuroobi\/","title":{"rendered":"Pepino Japon\u00eas H\u00edbrido Kuroobi"},"content":{"rendered":"","protected":false},"excerpt":{"rendered":"<h6><span style=\"color: #cea65f;\">CARACTER\u00cdSTICAS<\/span><\/h6>\n<ul>\n<li>\n<h6><span style=\"color: #708662;\">Toler\u00e2ncia a doen\u00e7as complexas;<\/span><\/h6>\n<\/li>\n<li>\n<h6><span style=\"color: #708662;\">Esta variedade \u00e9 o pepino japon\u00eas sem arrotos mais popular, tanto para campo aberto quanto para estufa;<\/span><\/h6>\n<\/li>\n<li>\n<h6><span style=\"color: #708662;\">Tipo de corte japon\u00eas;<\/span><\/h6>\n<\/li>\n<li>\n<h6><span style=\"color: #708662;\">Produ\u00e7\u00e3o precoce e intensa;<\/span><\/h6>\n<\/li>\n<li>\n<h6><span style=\"color: #708662;\">Muito f\u00e1cil de cultivar.<\/span><\/h6>\n<\/li>\n<\/ul>\n<h6><span style=\"color: #cea65f;\">SEGMENTO: <\/span><span style=\"color: #708662;\">Pepino Japon\u00eas H\u00edbrido Kuroobi<\/span><\/h6>\n<h6><span style=\"color: #cea65f;\">\u00c9POCA DE SEMEADURA: <\/span><span style=\"color: #708662;\">Regi\u00f5es frias fev &#8211; ago | Regi\u00f5es\u00a0quentes ano todo<\/span><\/h6>\n<h6><span style=\"color: #cea65f;\">COLORA\u00c7\u00c3O: <\/span><span style=\"color: #708662;\">Verde profundo brilhante<\/span><\/h6>\n<h6><span style=\"color: #cea65f;\">TAMANHO:<\/span> <span style=\"color: #708662;\">Comprimento do fruto 22 a 30cm<\/span><\/h6>\n<h6><span style=\"color: #cea65f;\">PESO M\u00c9DIO: <\/span>\u00a0<span style=\"color: #708662;\">90 a 100g<\/span><\/h6>\n<p>&nbsp;<\/p>\n<h6><span style=\"color: #cea65f;\">TOLER\u00c2NCIAS<\/span><\/h6>\n<h6><em><span style=\"color: #708662;\">Esta variedade caracteriza-se pela sua resist\u00eancia a duas doen\u00e7as principais;<\/span><\/em><\/h6>\n<h6><em><span style=\"color: #708662;\">Possui alta resist\u00eancia ao o\u00eddio (Sf) e \u00e0 ferrugem de Corynespora e mancha alvo (Cca) e resist\u00eancia intermedi\u00e1ria ao ZYMV;<\/span><\/em><\/h6>\n<h6><strong><em><span style=\"color: #708662;\">Toler\u00e2ncia Alta (HR);<\/span><\/em><\/strong><\/h6>\n<h6><em><span style=\"color: #708662;\">Sf: O\u00eddio (Sphaerotheca fuliginea);<\/span><\/em><\/h6>\n<h6><em><span style=\"color: #708662;\">Cca: praga de Corynespora e mancha alvo (corynespora casicola);<\/span><\/em><\/h6>\n<h6><strong><em><span style=\"color: #708662;\">Toler\u00e2ncia Intermedi\u00e1ria (IR);<\/span><\/em><\/strong><\/h6>\n<h6><em><span style=\"color: #708662;\">ZYMV: v\u00edrus do mosaico amarelo de abobrinha (ZYMV).<\/span><\/em><\/h6>\n","protected":false},"featured_media":1087,"comment_status":"open","ping_status":"closed","template":"","meta":{"om_disable_all_campaigns":false,"_monsterinsights_skip_tracking":false,"_monsterinsights_sitenote_active":false,"_monsterinsights_sitenote_note":"","_monsterinsights_sitenote_category":0,"site-sidebar-layout":"default","site-content-layout":"","ast-site-content-layout":"default","site-content-style":"default","site-sidebar-style":"default","ast-global-header-display":"","ast-banner-title-visibility":"","ast-main-header-display":"","ast-hfb-above-header-display":"","ast-hfb-below-header-display":"","ast-hfb-mobile-header-display":"","site-post-title":"","ast-breadcrumbs-content":"","ast-featured-img":"","footer-sml-layout":"","theme-transparent-header-meta":"default","adv-header-id-meta":"","stick-header-meta":"","header-above-stick-meta":"","header-main-stick-meta":"","header-below-stick-meta":"","astra-migrate-meta-layouts":"set","ast-page-background-enabled":"default","ast-page-background-meta":{"desktop":{"background-color":"var(--ast-global-color-4)","background-image":"","background-repeat":"repeat","background-position":"center center","background-size":"auto","background-attachment":"scroll","background-type":"","background-media":"","overlay-type":"","overlay-color":"","overlay-gradient":""},"tablet":{"background-color":"","background-image":"","background-repeat":"repeat","background-position":"center center","background-size":"auto","background-attachment":"scroll","background-type":"","background-media":"","overlay-type":"","overlay-color":"","overlay-gradient":""},"mobile":{"background-color":"","background-image":"","background-repeat":"repeat","background-position":"center center","background-size":"auto","background-attachment":"scroll","background-type":"","background-media":"","overlay-type":"","overlay-color":"","overlay-gradient":""}},"ast-content-background-meta":{"desktop":{"background-color":"var(--ast-global-color-5)","background-image":"","background-repeat":"repeat","background-position":"center center","background-size":"auto","background-attachment":"scroll","background-type":"","background-media":"","overlay-type":"","overlay-color":"","overlay-gradient":""},"tablet":{"background-color":"var(--ast-global-color-5)","background-image":"","background-repeat":"repeat","background-position":"center center","background-size":"auto","background-attachment":"scroll","background-type":"","background-media":"","overlay-type":"","overlay-color":"","overlay-gradient":""},"mobile":{"background-color":"var(--ast-global-color-5)","background-image":"","background-repeat":"repeat","background-position":"center center","background-size":"auto","background-attachment":"scroll","background-type":"","background-media":"","overlay-type":"","overlay-color":"","overlay-gradient":""}}},"product_cat":[30],"product_tag":[39,38,133,50,132,51,131,36,40],"aioseo_notices":[],"jetpack_sharing_enabled":true,"_links":{"self":[{"href":"https:\/\/arielseeds.com\/index.php\/wp-json\/wp\/v2\/product\/1084"}],"collection":[{"href":"https:\/\/arielseeds.com\/index.php\/wp-json\/wp\/v2\/product"}],"about":[{"href":"https:\/\/arielseeds.com\/index.php\/wp-json\/wp\/v2\/types\/product"}],"replies":[{"embeddable":true,"href":"https:\/\/arielseeds.com\/index.php\/wp-json\/wp\/v2\/comments?post=1084"}],"wp:featuredmedia":[{"embeddable":true,"href":"https:\/\/arielseeds.com\/index.php\/wp-json\/wp\/v2\/media\/1087"}],"wp:attachment":[{"href":"https:\/\/arielseeds.com\/index.php\/wp-json\/wp\/v2\/media?parent=1084"}],"wp:term":[{"taxonomy":"product_cat","embeddable":true,"href":"https:\/\/arielseeds.com\/index.php\/wp-json\/wp\/v2\/product_cat?post=1084"},{"taxonomy":"product_tag","embeddable":true,"href":"https:\/\/arielseeds.com\/index.php\/wp-json\/wp\/v2\/product_tag?post=1084"}],"curies":[{"name":"wp","href":"https:\/\/api.w.org\/{rel}","templated":true}]}}