{"id":1055,"date":"2024-05-15T14:01:55","date_gmt":"2024-05-15T17:01:55","guid":{"rendered":"https:\/\/arielseeds.com\/?post_type=product&#038;p=1055"},"modified":"2024-05-27T14:48:57","modified_gmt":"2024-05-27T17:48:57","slug":"cebolinha-hibrida-anambe","status":"publish","type":"product","link":"https:\/\/arielseeds.com\/index.php\/produto\/cebolinha-hibrida-anambe\/","title":{"rendered":"Cebolinha H\u00edbrida Anamb\u00e9"},"content":{"rendered":"","protected":false},"excerpt":{"rendered":"<h6><span style=\"color: #cea65f;\">CARACTER\u00cdSTICAS<\/span><\/h6>\n<ul>\n<li>\n<h6><span style=\"color: #708662;\">Cebolinha de folhas h\u00edbrida;<\/span><\/h6>\n<\/li>\n<li>\n<h6><span style=\"color: #708662;\">\u00a0Planta ereta, com bom perfolhamento na base;<\/span><\/h6>\n<\/li>\n<li>\n<h6><span style=\"color: #708662;\">Folhas de colora\u00e7\u00e3o escura e com boa cerosidade e toler\u00e2ncia a doen\u00e7as foliares;<\/span><\/h6>\n<\/li>\n<li>\n<h6><span style=\"color: #708662;\">Boa adapta\u00e7\u00e3o para cultivo de solo ou hidroponia;<\/span><\/h6>\n<\/li>\n<li>\n<h6><span style=\"color: #708662;\">Apta para colheita por corte ou planta inteira com boa toler\u00e2ncia ao transporte.<\/span><\/h6>\n<\/li>\n<\/ul>\n<h6><span class=\"OYPEnA text-decoration-none text-strikethrough-none\"><span style=\"color: #cea65f;\">SEGMENTO:<\/span> <span style=\"color: #708662;\">Cebolinha H\u00edbrida Anamb\u00e9<\/span><\/span><\/h6>\n<h6><span class=\"OYPEnA text-decoration-none text-strikethrough-none\"><span style=\"color: #cea65f;\">\u00c9POCA DE SEMEADURA: <\/span><\/span><span class=\"OYPEnA text-decoration-none text-strikethrough-none\"><span style=\"color: #708662;\">Ano todo<\/span><\/span><\/h6>\n<h6><span class=\"OYPEnA text-decoration-none text-strikethrough-none\"><span style=\"color: #cea65f;\">CICLO M\u00c9DIO:<\/span> <span style=\"color: #708662;\">60 a 70 dias<\/span><\/span><\/h6>\n<h6><span style=\"color: #cea65f;\"><span class=\"OYPEnA text-decoration-none text-strikethrough-none\" style=\"color: #cea65f;\">COLORA\u00c7\u00c3O<\/span><span class=\"OYPEnA text-decoration-none text-strikethrough-none\"><span style=\"color: #cea65f;\">: <\/span><span style=\"color: #708662;\">Verde escuro<\/span><\/span><\/span><\/h6>\n<h6><span style=\"color: #cea65f;\"><span class=\"OYPEnA text-decoration-none text-strikethrough-none\" style=\"color: #cea65f;\">TAMANHO<\/span><span class=\"OYPEnA text-decoration-none text-strikethrough-none\">: <span style=\"color: #708662;\">35 a 40cm<\/span><\/span><\/span><\/h6>\n","protected":false},"featured_media":1127,"comment_status":"open","ping_status":"closed","template":"","meta":{"om_disable_all_campaigns":false,"_monsterinsights_skip_tracking":false,"_monsterinsights_sitenote_active":false,"_monsterinsights_sitenote_note":"","_monsterinsights_sitenote_category":0,"site-sidebar-layout":"default","site-content-layout":"","ast-site-content-layout":"default","site-content-style":"default","site-sidebar-style":"default","ast-global-header-display":"","ast-banner-title-visibility":"","ast-main-header-display":"","ast-hfb-above-header-display":"","ast-hfb-below-header-display":"","ast-hfb-mobile-header-display":"","site-post-title":"","ast-breadcrumbs-content":"","ast-featured-img":"","footer-sml-layout":"","theme-transparent-header-meta":"default","adv-header-id-meta":"","stick-header-meta":"","header-above-stick-meta":"","header-main-stick-meta":"","header-below-stick-meta":"","astra-migrate-meta-layouts":"set","ast-page-background-enabled":"default","ast-page-background-meta":{"desktop":{"background-color":"var(--ast-global-color-4)","background-image":"","background-repeat":"repeat","background-position":"center center","background-size":"auto","background-attachment":"scroll","background-type":"","background-media":"","overlay-type":"","overlay-color":"","overlay-gradient":""},"tablet":{"background-color":"","background-image":"","background-repeat":"repeat","background-position":"center center","background-size":"auto","background-attachment":"scroll","background-type":"","background-media":"","overlay-type":"","overlay-color":"","overlay-gradient":""},"mobile":{"background-color":"","background-image":"","background-repeat":"repeat","background-position":"center center","background-size":"auto","background-attachment":"scroll","background-type":"","background-media":"","overlay-type":"","overlay-color":"","overlay-gradient":""}},"ast-content-background-meta":{"desktop":{"background-color":"var(--ast-global-color-5)","background-image":"","background-repeat":"repeat","background-position":"center center","background-size":"auto","background-attachment":"scroll","background-type":"","background-media":"","overlay-type":"","overlay-color":"","overlay-gradient":""},"tablet":{"background-color":"var(--ast-global-color-5)","background-image":"","background-repeat":"repeat","background-position":"center center","background-size":"auto","background-attachment":"scroll","background-type":"","background-media":"","overlay-type":"","overlay-color":"","overlay-gradient":""},"mobile":{"background-color":"var(--ast-global-color-5)","background-image":"","background-repeat":"repeat","background-position":"center center","background-size":"auto","background-attachment":"scroll","background-type":"","background-media":"","overlay-type":"","overlay-color":"","overlay-gradient":""}}},"product_cat":[99],"product_tag":[97,39,38,95,96,98,36,37,40],"aioseo_notices":[],"jetpack_sharing_enabled":true,"_links":{"self":[{"href":"https:\/\/arielseeds.com\/index.php\/wp-json\/wp\/v2\/product\/1055"}],"collection":[{"href":"https:\/\/arielseeds.com\/index.php\/wp-json\/wp\/v2\/product"}],"about":[{"href":"https:\/\/arielseeds.com\/index.php\/wp-json\/wp\/v2\/types\/product"}],"replies":[{"embeddable":true,"href":"https:\/\/arielseeds.com\/index.php\/wp-json\/wp\/v2\/comments?post=1055"}],"wp:featuredmedia":[{"embeddable":true,"href":"https:\/\/arielseeds.com\/index.php\/wp-json\/wp\/v2\/media\/1127"}],"wp:attachment":[{"href":"https:\/\/arielseeds.com\/index.php\/wp-json\/wp\/v2\/media?parent=1055"}],"wp:term":[{"taxonomy":"product_cat","embeddable":true,"href":"https:\/\/arielseeds.com\/index.php\/wp-json\/wp\/v2\/product_cat?post=1055"},{"taxonomy":"product_tag","embeddable":true,"href":"https:\/\/arielseeds.com\/index.php\/wp-json\/wp\/v2\/product_tag?post=1055"}],"curies":[{"name":"wp","href":"https:\/\/api.w.org\/{rel}","templated":true}]}}