{"id":1053,"date":"2024-05-15T13:52:34","date_gmt":"2024-05-15T16:52:34","guid":{"rendered":"https:\/\/arielseeds.com\/?post_type=product&#038;p=1053"},"modified":"2024-05-27T14:42:59","modified_gmt":"2024-05-27T17:42:59","slug":"alface-romana-verde-parma","status":"publish","type":"product","link":"https:\/\/arielseeds.com\/index.php\/produto\/alface-romana-verde-parma\/","title":{"rendered":"Alface Romana Verde Parma"},"content":{"rendered":"","protected":false},"excerpt":{"rendered":"<h6><span style=\"color: #cea65f;\">CARACTER\u00cdSTICAS<\/span><\/h6>\n<ul>\n<li>\n<h6><span style=\"color: #708662;\">Caracter\u00edsticas planta de porte grande, pesada e excelente forma\u00e7\u00e3o de cartucho;<\/span><\/h6>\n<\/li>\n<li>\n<h6><span style=\"color: #708662;\">\u00d3tima aceita\u00e7\u00e3o, tanto mercado in natura, como processado (alto rendimento);<\/span><\/h6>\n<\/li>\n<li>\n<h6><span style=\"color: #708662;\">Boa toler\u00e2ncia \u00e0s chuvas e calor; <\/span><\/h6>\n<\/li>\n<li>\n<h6><span style=\"color: #708662;\">talo curto;<\/span><\/h6>\n<\/li>\n<li>\n<h6><span style=\"color: #708662;\">Destaca-se pelo sabor adocicado.<\/span><\/h6>\n<\/li>\n<\/ul>\n<h6><span class=\"OYPEnA text-decoration-none text-strikethrough-none\"><span style=\"color: #cea65f;\">SEGMENTO:<\/span> <span style=\"color: #708662;\">Alface Romana Verde Parma<\/span><\/span><\/h6>\n<h6><span class=\"OYPEnA text-decoration-none text-strikethrough-none\"><span style=\"color: #cea65f;\">ESPA\u00c7AMENTO: <span style=\"color: #708662;\">0,30 x 0,30m<\/span><\/span><\/span><\/h6>\n<h6><span class=\"OYPEnA text-decoration-none text-strikethrough-none\"><span style=\"color: #cea65f;\">\u00c9POCA DE SEMEADURA: <\/span><\/span><span class=\"OYPEnA text-decoration-none text-strikethrough-none\"><span style=\"color: #708662;\">Ano todo<\/span><\/span><\/h6>\n<h6><span class=\"OYPEnA text-decoration-none text-strikethrough-none\"><span style=\"color: #cea65f;\">CICLO M\u00c9DIO:<\/span> <span style=\"color: #708662;\">60 a 70 dias<\/span><\/span><\/h6>\n<h6><span style=\"color: #cea65f;\"><span class=\"OYPEnA text-decoration-none text-strikethrough-none\" style=\"color: #cea65f;\">COLORA\u00c7\u00c3O<\/span><span class=\"OYPEnA text-decoration-none text-strikethrough-none\"><span style=\"color: #cea65f;\">: <\/span><span style=\"color: #708662;\">Verde intenso<\/span><\/span><\/span><\/h6>\n","protected":false},"featured_media":1054,"comment_status":"open","ping_status":"closed","template":"","meta":{"om_disable_all_campaigns":false,"_monsterinsights_skip_tracking":false,"_monsterinsights_sitenote_active":false,"_monsterinsights_sitenote_note":"","_monsterinsights_sitenote_category":0,"site-sidebar-layout":"default","site-content-layout":"","ast-site-content-layout":"default","site-content-style":"default","site-sidebar-style":"default","ast-global-header-display":"","ast-banner-title-visibility":"","ast-main-header-display":"","ast-hfb-above-header-display":"","ast-hfb-below-header-display":"","ast-hfb-mobile-header-display":"","site-post-title":"","ast-breadcrumbs-content":"","ast-featured-img":"","footer-sml-layout":"","theme-transparent-header-meta":"default","adv-header-id-meta":"","stick-header-meta":"","header-above-stick-meta":"","header-main-stick-meta":"","header-below-stick-meta":"","astra-migrate-meta-layouts":"set","ast-page-background-enabled":"default","ast-page-background-meta":{"desktop":{"background-color":"var(--ast-global-color-4)","background-image":"","background-repeat":"repeat","background-position":"center center","background-size":"auto","background-attachment":"scroll","background-type":"","background-media":"","overlay-type":"","overlay-color":"","overlay-gradient":""},"tablet":{"background-color":"","background-image":"","background-repeat":"repeat","background-position":"center center","background-size":"auto","background-attachment":"scroll","background-type":"","background-media":"","overlay-type":"","overlay-color":"","overlay-gradient":""},"mobile":{"background-color":"","background-image":"","background-repeat":"repeat","background-position":"center center","background-size":"auto","background-attachment":"scroll","background-type":"","background-media":"","overlay-type":"","overlay-color":"","overlay-gradient":""}},"ast-content-background-meta":{"desktop":{"background-color":"var(--ast-global-color-5)","background-image":"","background-repeat":"repeat","background-position":"center center","background-size":"auto","background-attachment":"scroll","background-type":"","background-media":"","overlay-type":"","overlay-color":"","overlay-gradient":""},"tablet":{"background-color":"var(--ast-global-color-5)","background-image":"","background-repeat":"repeat","background-position":"center center","background-size":"auto","background-attachment":"scroll","background-type":"","background-media":"","overlay-type":"","overlay-color":"","overlay-gradient":""},"mobile":{"background-color":"var(--ast-global-color-5)","background-image":"","background-repeat":"repeat","background-position":"center center","background-size":"auto","background-attachment":"scroll","background-type":"","background-media":"","overlay-type":"","overlay-color":"","overlay-gradient":""}}},"product_cat":[157],"product_tag":[94,92,93,39,38,36,37,40],"aioseo_notices":[],"jetpack_sharing_enabled":true,"_links":{"self":[{"href":"https:\/\/arielseeds.com\/index.php\/wp-json\/wp\/v2\/product\/1053"}],"collection":[{"href":"https:\/\/arielseeds.com\/index.php\/wp-json\/wp\/v2\/product"}],"about":[{"href":"https:\/\/arielseeds.com\/index.php\/wp-json\/wp\/v2\/types\/product"}],"replies":[{"embeddable":true,"href":"https:\/\/arielseeds.com\/index.php\/wp-json\/wp\/v2\/comments?post=1053"}],"wp:featuredmedia":[{"embeddable":true,"href":"https:\/\/arielseeds.com\/index.php\/wp-json\/wp\/v2\/media\/1054"}],"wp:attachment":[{"href":"https:\/\/arielseeds.com\/index.php\/wp-json\/wp\/v2\/media?parent=1053"}],"wp:term":[{"taxonomy":"product_cat","embeddable":true,"href":"https:\/\/arielseeds.com\/index.php\/wp-json\/wp\/v2\/product_cat?post=1053"},{"taxonomy":"product_tag","embeddable":true,"href":"https:\/\/arielseeds.com\/index.php\/wp-json\/wp\/v2\/product_tag?post=1053"}],"curies":[{"name":"wp","href":"https:\/\/api.w.org\/{rel}","templated":true}]}}